{"id":17,"date":"2019-06-22T21:51:05","date_gmt":"2019-06-22T19:51:05","guid":{"rendered":"http:\/\/artoutai.com\/equinoxes\/?page_id=17"},"modified":"2020-11-04T22:11:05","modified_gmt":"2020-11-04T21:11:05","slug":"accueil","status":"publish","type":"page","link":"https:\/\/artoutai.com\/equinoxes\/","title":{"rendered":"LES \u00c9QUINOXES #2"},"content":{"rendered":"<p>[vc_row css_animation=\u00a0\u00bb\u00a0\u00bb row_type=\u00a0\u00bbrow\u00a0\u00bb use_row_as_full_screen_section=\u00a0\u00bbno\u00a0\u00bb type=\u00a0\u00bbfull_width\u00a0\u00bb angled_section=\u00a0\u00bbno\u00a0\u00bb text_align=\u00a0\u00bbcenter\u00a0\u00bb background_image_as_pattern=\u00a0\u00bbwithout_pattern\u00a0\u00bb][vc_column][vc_empty_space][\/vc_column][\/vc_row][vc_row css_animation=\u00a0\u00bb\u00a0\u00bb row_type=\u00a0\u00bbrow\u00a0\u00bb use_row_as_full_screen_section=\u00a0\u00bbno\u00a0\u00bb type=\u00a0\u00bbgrid\u00a0\u00bb angled_section=\u00a0\u00bbno\u00a0\u00bb text_align=\u00a0\u00bbleft\u00a0\u00bb background_image_as_pattern=\u00a0\u00bbwithout_pattern\u00a0\u00bb z_index=\u00a0\u00bb\u00a0\u00bb][vc_column width=\u00a0\u00bb1\/2&Prime; css=\u00a0\u00bb.vc_custom_1561412118131{background-color: #ffffff !important;}\u00a0\u00bb][vc_column_text]<\/p>\n<div class=\"page\" title=\"Page 2\">\n<div class=\"section\">\n<div class=\"layoutArea\">\n<div class=\"column\" style=\"text-align: justify;\">\n<blockquote>\n<h2 style=\"text-align: center;\"><strong>EQUINOXES #2<\/strong><\/h2>\n<\/blockquote>\n<div class=\"arve\" data-mode=\"normal\" data-oembed=\"1\" data-provider=\"youtube\" id=\"arve-youtube-ple7_hsnaa069dca5c17cdcf381672681\">\n<span class=\"arve-inner\"><br \/>\n<span class=\"arve-embed arve-embed--has-aspect-ratio\" style=\"aspect-ratio: 265 \/ 149\"><br \/>\n<span class=\"arve-ar\" style=\"padding-top:56.226415%\"><\/span><iframe allow=\"accelerometer; autoplay; clipboard-write; encrypted-media; gyroscope; picture-in-picture\" allowfullscreen class=\"arve-iframe fitvidsignore\" data-arve=\"arve-youtube-ple7_hsnaa069dca5c17cdcf381672681\" data-src-no-ap=\"https:\/\/www.youtube-nocookie.com\/embed\/pLE7_hsNaa0?feature=oembed&amp;iv_load_policy=3&amp;modestbranding=1&amp;rel=0&amp;autohide=1&amp;playsinline=0&amp;autoplay=0\" frameborder=\"0\" height=\"0\" sandbox=\"allow-scripts allow-same-origin allow-presentation allow-popups allow-popups-to-escape-sandbox\" scrolling=\"no\" src=\"https:\/\/www.youtube-nocookie.com\/embed\/pLE7_hsNaa0?feature=oembed&#038;iv_load_policy=3&#038;modestbranding=1&#038;rel=0&#038;autohide=1&#038;playsinline=0&#038;autoplay=0\"><\/iframe><\/p>\n<p><\/span><\/p>\n<p><\/span><br \/>\n<script type=\"application\/ld+json\">{\"@context\":\"http:\\\/\\\/schema.org\\\/\",\"@id\":\"https:\\\/\\\/artoutai.com\\\/equinoxes\\\/#arve-youtube-ple7_hsnaa069dca5c17cdcf381672681\",\"type\":\"VideoObject\",\"embedURL\":\"https:\\\/\\\/www.youtube-nocookie.com\\\/embed\\\/pLE7_hsNaa0?feature=oembed&iv_load_policy=3&modestbranding=1&rel=0&autohide=1&playsinline=0&autoplay=0\"}<\/script>\n<\/div>\n<p style=\"text-align: justify;\">Une seconde \u00e9dition un peu chamboul\u00e9e&#8230;\u00e0 l&rsquo;honneur cette ann\u00e9e les nourritures terrestres, d\u00e9cid\u00e9ment bien fragilis\u00e9es dans ce dr\u00f4le de monde.<\/p>\n<div class=\"o9v6fnle cxmmr5t8 oygrvhab hcukyx3x c1et5uql ii04i59q\">\n<div dir=\"auto\">Une \u00e9dition confin\u00e9e au printemps et report\u00e9e \u00e0 l&rsquo;automne qui a fini par pointer le bout de son nez.<\/div>\n<\/div>\n<div class=\"o9v6fnle cxmmr5t8 oygrvhab hcukyx3x c1et5uql ii04i59q\">\n<div dir=\"auto\">\n<p>Malgr\u00e9 l&rsquo;annulation du temps fort du 4 octobre, le l\u00e9gume a fait son apparition au march\u00e9 de Tint\u00e9niac et l&rsquo;\u00e9cole de Plesder, r\u00e9v\u00e9lant ses talents cach\u00e9s gr\u00e2ce \u00e0 des artistes tr\u00e8s inspir\u00e9s.<\/p>\n<\/div>\n<\/div>\n<div class=\"o9v6fnle cxmmr5t8 oygrvhab hcukyx3x c1et5uql ii04i59q\">\n<div dir=\"auto\">\n<p>Vivement 2021 pour des \u00c9QUINOXES m\u00e9tamorphos\u00e9es !<\/p>\n<\/div>\n<\/div>\n<div class=\"o9v6fnle cxmmr5t8 oygrvhab hcukyx3x c1et5uql ii04i59q\">\n<div dir=\"auto\">Merci \u00e0 l&rsquo;\u00e9quipe Chromao pour le montage et la captation de l&rsquo;after-movie.<\/div>\n<\/div>\n<div class=\"o9v6fnle cxmmr5t8 oygrvhab hcukyx3x c1et5uql ii04i59q\">\n<div dir=\"auto\">Merci et grand bravo \u00e0 tous nos invit\u00e9s qui ont enchant\u00e9 petits et grands : Anne Des Prairies et Anneclaire Mac\u00e9 &#8211; De l&rsquo;art dans les \u00e9pinards\/ la Tambouille Graphique, Eric van Osselaer &#8211; Carotte Quantique, Jen Orcher et Josette Lef\u00e8vre &#8211; Les Oies Sauvages en campagne, Iwan et Lombric Fourchu.<\/div>\n<\/div>\n<\/div>\n<div class=\"column\" style=\"text-align: justify;\">\n<p>&nbsp;<\/p>\n<p>L&rsquo;\u00e9quipe d&rsquo;Artouta\u00ef Productions.<\/p>\n<\/div>\n<p>&nbsp;<\/p>\n<div class=\"column\" style=\"text-align: justify;\">\n<p>&nbsp;<\/p>\n<\/div>\n<\/div>\n<\/div>\n<\/div>\n<p>[\/vc_column_text][\/vc_column][vc_column width=\u00a0\u00bb1\/2&Prime; css=\u00a0\u00bb.vc_custom_1583519284003{background-color: #ffffff !important;}\u00a0\u00bb][vc_empty_space height=\u00a0\u00bb5px\u00a0\u00bb][vc_single_image image=\u00a0\u00bb578&Prime; img_size=\u00a0\u00bbfull\u00a0\u00bb alignment=\u00a0\u00bbcenter\u00a0\u00bb qode_css_animation=\u00a0\u00bb\u00a0\u00bb css=\u00a0\u00bb.vc_custom_1596438018064{background-color: #ffffff !important;}\u00a0\u00bb][vc_empty_space height=\u00a0\u00bb64px\u00a0\u00bb][\/vc_column][\/vc_row][vc_row css_animation=\u00a0\u00bb\u00a0\u00bb row_type=\u00a0\u00bbrow\u00a0\u00bb use_row_as_full_screen_section=\u00a0\u00bbno\u00a0\u00bb type=\u00a0\u00bbfull_width\u00a0\u00bb angled_section=\u00a0\u00bbno\u00a0\u00bb text_align=\u00a0\u00bbleft\u00a0\u00bb background_image_as_pattern=\u00a0\u00bbwithout_pattern\u00a0\u00bb][vc_column][vc_empty_space height=\u00a0\u00bb64px\u00a0\u00bb][\/vc_column][\/vc_row][vc_row css_animation=\u00a0\u00bb\u00a0\u00bb row_type=\u00a0\u00bbrow\u00a0\u00bb use_row_as_full_screen_section=\u00a0\u00bbno\u00a0\u00bb type=\u00a0\u00bbgrid\u00a0\u00bb angled_section=\u00a0\u00bbno\u00a0\u00bb text_align=\u00a0\u00bbcenter\u00a0\u00bb background_image_as_pattern=\u00a0\u00bbwithout_pattern\u00a0\u00bb z_index=\u00a0\u00bb\u00a0\u00bb css=\u00a0\u00bb.vc_custom_1583243272349{background-color: #9ccca3 !important;}\u00a0\u00bb][vc_column width=\u00a0\u00bb1\/4&Prime;][vc_empty_space height=\u00a0\u00bb64px\u00a0\u00bb][vc_single_image image=\u00a0\u00bb533&Prime; img_size=\u00a0\u00bb\u00a0\u00bb alignment=\u00a0\u00bbcenter\u00a0\u00bb qode_css_animation=\u00a0\u00bb\u00a0\u00bb][\/vc_column][vc_column width=\u00a0\u00bb3\/4&Prime;][vc_column_text]<\/p>\n<p>&nbsp;<\/p>\n<p style=\"text-align: justify; color: white;\"><strong>Les \u00c9QUINOXES c\u2019est le nouveau rendez-vous itin\u00e9rant propos\u00e9, \u00e0 l\u2019automne et au printemps, par les artistes d\u2019Artouta\u00ef Productions sur le territoire de la Bretagne Romantique.<br \/>\n<\/strong><\/p>\n<p>&nbsp;<\/p>\n<p style=\"text-align: justify; color: white;\">Les \u00c9quinoxes se suivent et ne se ressemblent pas. C\u2019est \u00e0 chaque fois une invitation \u00e0 vivre une exp\u00e9rience in\u00e9dite. Elles s\u2019inventent autour de spectacles, d\u2019installations, d\u2019ateliers et des conf\u00e9rences scientifiques et\/ou philosophiques, sociologiques autour de th\u00e9matiques qui les font vibrer.<\/p>\n<p>&nbsp;<\/p>\n<p style=\"text-align: justify; color: white;\">Les \u00c9QUINOXES d\u00e9marrent leur cycle au d\u00e9tour des petites communes de la Bretagne Romantique.<\/p>\n<p>&nbsp;<\/p>\n<p style=\"text-align: justify; color: white;\">Une aventure culturelle unique o\u00f9 se conjuguent art, imaginaire, exp\u00e9rimentation, curiosit\u00e9, patrimoine et convivialit\u00e9.<\/p>\n<p>&nbsp;<\/p>\n<p>[\/vc_column_text][\/vc_column][\/vc_row][vc_row css_animation=\u00a0\u00bb\u00a0\u00bb row_type=\u00a0\u00bbrow\u00a0\u00bb use_row_as_full_screen_section=\u00a0\u00bbno\u00a0\u00bb type=\u00a0\u00bbfull_width\u00a0\u00bb angled_section=\u00a0\u00bbno\u00a0\u00bb text_align=\u00a0\u00bbleft\u00a0\u00bb background_image_as_pattern=\u00a0\u00bbwithout_pattern\u00a0\u00bb][vc_column][vc_empty_space height=\u00a0\u00bb64px\u00a0\u00bb][\/vc_column][\/vc_row]<\/p>\n","protected":false},"excerpt":{"rendered":"<p>[vc_row css_animation=\u00a0\u00bb\u00a0\u00bb row_type=\u00a0\u00bbrow\u00a0\u00bb use_row_as_full_screen_section=\u00a0\u00bbno\u00a0\u00bb type=\u00a0\u00bbfull_width\u00a0\u00bb angled_section=\u00a0\u00bbno\u00a0\u00bb text_align=\u00a0\u00bbcenter\u00a0\u00bb background_image_as_pattern=\u00a0\u00bbwithout_pattern\u00a0\u00bb][vc_column][vc_empty_space][\/vc_column][\/vc_row][vc_row css_animation=\u00a0\u00bb\u00a0\u00bb row_type=\u00a0\u00bbrow\u00a0\u00bb use_row_as_full_screen_section=\u00a0\u00bbno\u00a0\u00bb type=\u00a0\u00bbgrid\u00a0\u00bb angled_section=\u00a0\u00bbno\u00a0\u00bb text_align=\u00a0\u00bbleft\u00a0\u00bb background_image_as_pattern=\u00a0\u00bbwithout_pattern\u00a0\u00bb z_index=\u00a0\u00bb\u00a0\u00bb][vc_column width=\u00a0\u00bb1\/2&Prime; css=\u00a0\u00bb.vc_custom_1561412118131{background-color: #ffffff !important;}\u00a0\u00bb][vc_column_text] EQUINOXES #2 Une seconde \u00e9dition un peu chamboul\u00e9e&#8230;\u00e0 l&rsquo;honneur cette ann\u00e9e les nourritures terrestres, d\u00e9cid\u00e9ment bien fragilis\u00e9es dans ce dr\u00f4le de monde. Une \u00e9dition confin\u00e9e&#8230;<\/p>\n","protected":false},"author":1,"featured_media":0,"parent":0,"menu_order":0,"comment_status":"closed","ping_status":"closed","template":"full_width.php","meta":[],"yoast_head":"<!-- This site is optimized with the Yoast SEO plugin v15.9.2 - https:\/\/yoast.com\/wordpress\/plugins\/seo\/ -->\n<title>LES \u00c9QUINOXES #2 - Les \u00e9quinoxes d&#039;Artouta\u00ef<\/title>\n<meta name=\"robots\" content=\"index, follow, max-snippet:-1, max-image-preview:large, max-video-preview:-1\" \/>\n<link rel=\"canonical\" href=\"http:\/\/artoutai.com\/equinoxes\/\" \/>\n<meta property=\"og:locale\" content=\"fr_FR\" \/>\n<meta property=\"og:type\" content=\"article\" \/>\n<meta property=\"og:title\" content=\"LES \u00c9QUINOXES #2 - Les \u00e9quinoxes d&#039;Artouta\u00ef\" \/>\n<meta property=\"og:description\" content=\"[vc_row css_animation=\u00a0\u00bb\u00a0\u00bb row_type=\u00a0\u00bbrow\u00a0\u00bb use_row_as_full_screen_section=\u00a0\u00bbno\u00a0\u00bb type=\u00a0\u00bbfull_width\u00a0\u00bb angled_section=\u00a0\u00bbno\u00a0\u00bb text_align=\u00a0\u00bbcenter\u00a0\u00bb background_image_as_pattern=\u00a0\u00bbwithout_pattern\u00a0\u00bb][vc_column][vc_empty_space][\/vc_column][\/vc_row][vc_row css_animation=\u00a0\u00bb\u00a0\u00bb row_type=\u00a0\u00bbrow\u00a0\u00bb use_row_as_full_screen_section=\u00a0\u00bbno\u00a0\u00bb type=\u00a0\u00bbgrid\u00a0\u00bb angled_section=\u00a0\u00bbno\u00a0\u00bb text_align=\u00a0\u00bbleft\u00a0\u00bb background_image_as_pattern=\u00a0\u00bbwithout_pattern\u00a0\u00bb z_index=\u00a0\u00bb\u00a0\u00bb][vc_column width=\u00a0\u00bb1\/2&Prime; css=\u00a0\u00bb.vc_custom_1561412118131{background-color: #ffffff !important;}\u00a0\u00bb][vc_column_text] EQUINOXES #2 Une seconde \u00e9dition un peu chamboul\u00e9e&#8230;\u00e0 l&rsquo;honneur cette ann\u00e9e les nourritures terrestres, d\u00e9cid\u00e9ment bien fragilis\u00e9es dans ce dr\u00f4le de monde. Une \u00e9dition confin\u00e9e...\" \/>\n<meta property=\"og:url\" content=\"http:\/\/artoutai.com\/equinoxes\/\" \/>\n<meta property=\"og:site_name\" content=\"Les \u00e9quinoxes d&#039;Artouta\u00ef\" \/>\n<meta property=\"article:modified_time\" content=\"2020-11-04T21:11:05+00:00\" \/>\n<meta name=\"twitter:card\" content=\"summary_large_image\" \/>\n<meta name=\"twitter:label1\" content=\"Dur\u00e9e de lecture est.\">\n\t<meta name=\"twitter:data1\" content=\"3 minutes\">\n<script type=\"application\/ld+json\" class=\"yoast-schema-graph\">{\"@context\":\"https:\/\/schema.org\",\"@graph\":[{\"@type\":\"WebSite\",\"@id\":\"https:\/\/artoutai.com\/equinoxes\/#website\",\"url\":\"https:\/\/artoutai.com\/equinoxes\/\",\"name\":\"Les \\u00e9quinoxes d&#039;Artouta\\u00ef\",\"description\":\"Ev\\u00e8nements artistiques en Bretagne Romantique\",\"potentialAction\":[{\"@type\":\"SearchAction\",\"target\":\"https:\/\/artoutai.com\/equinoxes\/?s={search_term_string}\",\"query-input\":\"required name=search_term_string\"}],\"inLanguage\":\"fr-FR\"},{\"@type\":\"WebPage\",\"@id\":\"http:\/\/artoutai.com\/equinoxes\/#webpage\",\"url\":\"http:\/\/artoutai.com\/equinoxes\/\",\"name\":\"LES \\u00c9QUINOXES #2 - Les \\u00e9quinoxes d&#039;Artouta\\u00ef\",\"isPartOf\":{\"@id\":\"https:\/\/artoutai.com\/equinoxes\/#website\"},\"datePublished\":\"2019-06-22T19:51:05+00:00\",\"dateModified\":\"2020-11-04T21:11:05+00:00\",\"breadcrumb\":{\"@id\":\"http:\/\/artoutai.com\/equinoxes\/#breadcrumb\"},\"inLanguage\":\"fr-FR\",\"potentialAction\":[{\"@type\":\"ReadAction\",\"target\":[\"http:\/\/artoutai.com\/equinoxes\/\"]}]},{\"@type\":\"BreadcrumbList\",\"@id\":\"http:\/\/artoutai.com\/equinoxes\/#breadcrumb\",\"itemListElement\":[{\"@type\":\"ListItem\",\"position\":1,\"item\":{\"@type\":\"WebPage\",\"@id\":\"http:\/\/artoutai.com\/equinoxes\/\",\"url\":\"http:\/\/artoutai.com\/equinoxes\/\",\"name\":\"Accueil\"}},{\"@type\":\"ListItem\",\"position\":2,\"item\":{\"@type\":\"WebPage\",\"@id\":\"http:\/\/artoutai.com\/equinoxes\/\",\"url\":\"http:\/\/artoutai.com\/equinoxes\/\",\"name\":\"LES \\u00c9QUINOXES #2\"}}]}]}<\/script>\n<!-- \/ Yoast SEO plugin. -->","_links":{"self":[{"href":"https:\/\/artoutai.com\/equinoxes\/wp-json\/wp\/v2\/pages\/17"}],"collection":[{"href":"https:\/\/artoutai.com\/equinoxes\/wp-json\/wp\/v2\/pages"}],"about":[{"href":"https:\/\/artoutai.com\/equinoxes\/wp-json\/wp\/v2\/types\/page"}],"author":[{"embeddable":true,"href":"https:\/\/artoutai.com\/equinoxes\/wp-json\/wp\/v2\/users\/1"}],"replies":[{"embeddable":true,"href":"https:\/\/artoutai.com\/equinoxes\/wp-json\/wp\/v2\/comments?post=17"}],"version-history":[{"count":132,"href":"https:\/\/artoutai.com\/equinoxes\/wp-json\/wp\/v2\/pages\/17\/revisions"}],"predecessor-version":[{"id":668,"href":"https:\/\/artoutai.com\/equinoxes\/wp-json\/wp\/v2\/pages\/17\/revisions\/668"}],"wp:attachment":[{"href":"https:\/\/artoutai.com\/equinoxes\/wp-json\/wp\/v2\/media?parent=17"}],"curies":[{"name":"wp","href":"https:\/\/api.w.org\/{rel}","templated":true}]}}